{"id":1123,"date":"2025-03-23T01:53:42","date_gmt":"2025-03-23T00:53:42","guid":{"rendered":"https:\/\/www.indexall.org\/indexa\/indexa\/"},"modified":"2025-03-23T01:53:42","modified_gmt":"2025-03-23T00:53:42","slug":"indexa","status":"publish","type":"page","link":"https:\/\/www.indexall.org\/indexa\/indexa\/","title":{"rendered":"Accueil Indexa"},"content":{"rendered":"    <div class=\"metrics-indexa-home\">\n        <header class=\"metrics-home-header\">\n            <h1>Bienvenue sur Metrics Indexa<\/h1>\n            <p>D\u00e9couvrez notre outil puissant pour calculer les m\u00e9triques acad\u00e9miques et g\u00e9rer vos revues.<\/p>\n        <\/header>\n        <div class=\"metrics-home-actions\">\n            <a href=\"https:\/\/www.indexall.org\/indexa\/indexa\/subscribe\" class=\"metrics-button metrics-button-primary\">\n                S'abonner maintenant            <\/a>\n            <a href=\"https:\/\/www.indexall.org\/indexa\/indexa\/statistics\" class=\"metrics-button\">\n                Voir les statistiques            <\/a>\n        <\/div>\n        <div class=\"metrics-home-features\">\n            <div class=\"metrics-feature\">\n                <h3>Calcul des M\u00e9triques<\/h3>\n                <p>\u00c9valuez vos revues et experts avec des m\u00e9triques pr\u00e9cises.<\/p>\n            <\/div>\n            <div class=\"metrics-feature\">\n                <h3>Statistiques Avanc\u00e9es<\/h3>\n                <p>Visualisez les performances avec des graphiques interactifs.<\/p>\n            <\/div>\n            <div class=\"metrics-feature\">\n                <h3>Support Premium<\/h3>\n                <p>B\u00e9n\u00e9ficiez d'un support technique d\u00e9di\u00e9 avec nos plans premium.<\/p>\n            <\/div>\n        <\/div>\n    <\/div>\n    <style>\n        .metrics-indexa-home {\n            max-width: 1200px;\n            margin: 0 auto;\n            padding: 40px 20px;\n            text-align: center;\n        }\n        .metrics-home-header h1 {\n            font-size: 2.5em;\n            color: #2c3e50;\n            margin-bottom: 10px;\n        }\n        .metrics-home-header p {\n            font-size: 1.2em;\n            color: #7f8c8d;\n            margin-bottom: 30px;\n        }\n        .metrics-home-actions {\n            margin-bottom: 40px;\n        }\n        .metrics-button {\n            display: inline-block;\n            padding: 12px 25px;\n            background-color: #3498db;\n            color: #fff;\n            text-decoration: none;\n            border-radius: 5px;\n            margin: 0 10px;\n            transition: background-color 0.3s;\n            font-weight: 600;\n        }\n        .metrics-button:hover {\n            background-color: #2980b9;\n        }\n        .metrics-button-primary {\n            background-color: #2ecc71;\n        }\n        .metrics-button-primary:hover {\n            background-color: #27ae60;\n        }\n        .metrics-home-features {\n            display: grid;\n            grid-template-columns: repeat(auto-fit, minmax(250px, 1fr));\n            gap: 20px;\n            text-align: center;\n        }\n        .metrics-feature {\n            padding: 20px;\n            background: #f9f9f9;\n            border-radius: 8px;\n            box-shadow: 0 2px 10px rgba(0, 0, 0, 0.05);\n        }\n        .metrics-feature h3 {\n            font-size: 1.3em;\n            color: #2c3e50;\n            margin-bottom: 10px;\n        }\n        .metrics-feature p {\n            color: #7f8c8d;\n            margin: 0;\n        }\n        @media (max-width: 768px) {\n            .metrics-home-header h1 {\n                font-size: 2em;\n            }\n            .metrics-button {\n                display: block;\n                margin: 10px auto;\n                width: 80%;\n            }\n        }\n    <\/style>\n    \n","protected":false},"excerpt":{"rendered":"","protected":false},"author":1,"featured_media":0,"parent":0,"menu_order":0,"comment_status":"closed","ping_status":"closed","template":"","meta":{"_acf_changed":false,"signature_hash":"","ethics_level":"","footnotes":""},"class_list":["post-1123","page","type-page","status-publish","hentry"],"acf":[],"_links":{"self":[{"href":"https:\/\/www.indexall.org\/indexa\/wp-json\/wp\/v2\/pages\/1123","targetHints":{"allow":["GET"]}}],"collection":[{"href":"https:\/\/www.indexall.org\/indexa\/wp-json\/wp\/v2\/pages"}],"about":[{"href":"https:\/\/www.indexall.org\/indexa\/wp-json\/wp\/v2\/types\/page"}],"author":[{"embeddable":true,"href":"https:\/\/www.indexall.org\/indexa\/wp-json\/wp\/v2\/users\/1"}],"replies":[{"embeddable":true,"href":"https:\/\/www.indexall.org\/indexa\/wp-json\/wp\/v2\/comments?post=1123"}],"version-history":[{"count":0,"href":"https:\/\/www.indexall.org\/indexa\/wp-json\/wp\/v2\/pages\/1123\/revisions"}],"wp:attachment":[{"href":"https:\/\/www.indexall.org\/indexa\/wp-json\/wp\/v2\/media?parent=1123"}],"curies":[{"name":"wp","href":"https:\/\/api.w.org\/{rel}","templated":true}]}}